{"id":2,"date":"2023-04-26T21:13:59","date_gmt":"2023-04-26T19:13:59","guid":{"rendered":"http:\/\/serwer199100.lh.pl\/autoinstalator\/serwer199100.lh.pl\/wordpress19652\/?page_id=2"},"modified":"2023-05-04T22:01:30","modified_gmt":"2023-05-04T20:01:30","slug":"regulamin","status":"publish","type":"page","link":"https:\/\/czajowka.pl\/index.php\/regulamin\/","title":{"rendered":"Regulamin"},"content":{"rendered":"\t\t<div data-elementor-type=\"wp-page\" data-elementor-id=\"2\" class=\"elementor elementor-2\">\n\t\t\t\t\t\t<section class=\"elementor-section elementor-top-section elementor-element elementor-element-53faf6e elementor-section-height-min-height elementor-section-content-middle elementor-section-stretched elementor-section-boxed elementor-section-height-default elementor-section-items-middle\" data-id=\"53faf6e\" data-element_type=\"section\" data-e-type=\"section\" data-settings=\"{&quot;stretch_section&quot;:&quot;section-stretched&quot;,&quot;background_background&quot;:&quot;classic&quot;}\">\n\t\t\t\t\t\t<div class=\"elementor-container elementor-column-gap-default\">\n\t\t\t\t\t<div class=\"elementor-column elementor-col-100 elementor-top-column elementor-element elementor-element-10f9b74\" data-id=\"10f9b74\" data-element_type=\"column\" data-e-type=\"column\">\n\t\t\t<div class=\"elementor-widget-wrap elementor-element-populated\">\n\t\t\t\t\t\t<div class=\"elementor-element elementor-element-2b99edd elementor-widget elementor-widget-heading\" data-id=\"2b99edd\" data-element_type=\"widget\" data-e-type=\"widget\" data-widget_type=\"heading.default\">\n\t\t\t\t<div class=\"elementor-widget-container\">\n\t\t\t\t\t<h2 class=\"elementor-heading-title elementor-size-default\">Regulamin<\/h2>\t\t\t\t<\/div>\n\t\t\t\t<\/div>\n\t\t\t\t\t<\/div>\n\t\t<\/div>\n\t\t\t\t\t<\/div>\n\t\t<\/section>\n\t\t\t\t<section class=\"elementor-section elementor-top-section elementor-element elementor-element-bb4b46c elementor-section-boxed elementor-section-height-default elementor-section-height-default\" data-id=\"bb4b46c\" data-element_type=\"section\" data-e-type=\"section\">\n\t\t\t\t\t\t<div class=\"elementor-container elementor-column-gap-default\">\n\t\t\t\t\t<div class=\"elementor-column elementor-col-100 elementor-top-column elementor-element elementor-element-6d03f6cb\" data-id=\"6d03f6cb\" data-element_type=\"column\" data-e-type=\"column\">\n\t\t\t<div class=\"elementor-widget-wrap elementor-element-populated\">\n\t\t\t\t\t\t<div class=\"elementor-element elementor-element-b72e419 elementor-widget elementor-widget-spacer\" data-id=\"b72e419\" data-element_type=\"widget\" data-e-type=\"widget\" data-widget_type=\"spacer.default\">\n\t\t\t\t<div class=\"elementor-widget-container\">\n\t\t\t\t\t\t\t<div class=\"elementor-spacer\">\n\t\t\t<div class=\"elementor-spacer-inner\"><\/div>\n\t\t<\/div>\n\t\t\t\t\t\t<\/div>\n\t\t\t\t<\/div>\n\t\t\t\t<div class=\"elementor-element elementor-element-799cad39 elementor-widget elementor-widget-text-editor\" data-id=\"799cad39\" data-element_type=\"widget\" data-e-type=\"widget\" data-widget_type=\"text-editor.default\">\n\t\t\t\t<div class=\"elementor-widget-container\">\n\t\t\t\t\t\t\t\t\t<p><\/p>\n<p><strong>Rezerwacje<\/strong><br \/>Warunkiem wi\u0105\u017c\u0105cym dokonanie rezerwacji jest wp\u0142ata zadatku w wysoko\u015bci 30 % ca\u0142o\u015bci pobytu<br \/>w terminie 2 dni od rezerwacji.<br \/>Pozosta\u0142a cz\u0119\u015b\u0107 ceny za pobyt regulowana jest got\u00f3wk\u0105 w dniu zameldowania si\u0119 naszych go\u015bci.<br \/>Zameldowanie mo\u017cliwe jest jedynie z dokumentem to\u017csamo\u015bci osoby melduj\u0105cej si\u0119.<br \/>W przypadku odwo\u0142ania rezerwacji zadatek nie podlega zwrotowi. W sytuacji skr\u00f3cenia wypoczynku zwrot kwoty za op\u0142acony pobyt nie podlega zwrotowi.<\/p>\n<p><strong>Czas<\/strong><br \/>Doba rozpoczyna si\u0119 o godz. 15.00 w dniu przyjazdu a ko\u0144czy o godz. 10.00 w dniu wyjazdu<br \/>Cisza nocna obowi\u0105zuje od 22.00 do 08.00 dnia nast\u0119pnego.<br \/>Ze wzgl\u0119du na komfort wypoczynku naszych go\u015bci niedostosowanie si\u0119 do ciszy w wyznaczonych<br \/>godzinach oraz zak\u0142\u00f3canie pobytu innym wynajmuj\u0105cym grozi opuszczeniem obiektu bez zwrotu<br \/>wp\u0142aconej kwoty za pobyt.<\/p>\n<p><strong>Zwierzaki<\/strong> :))<br \/>Niestety nie akceptujemy zwierz\u0105t \ud83d\ude41<\/p>\n<p><strong>Najmniejsi<\/strong> ;))<br \/>Mimo, i\u017c uwielbiamy maluchy nale\u017cy pami\u0119ta\u0107, \u017ce za uszkodzone elementy domk\u00f3w i ich wyposa\u017cenia<br \/>oraz plac zabaw spowodowane przez naszych go\u015bci lub ich dzieci odpowiada osoba melduj\u0105ca si\u0119 na czas<br \/>pobytu w naszym obiekcie.<br \/>Za bezpiecze\u0144stwo dzieci na terenie obiektu odpowiedzialno\u015b\u0107 ponosz\u0105 rodzice lub ich prawni<br \/>opiekunowie.<br \/><br \/><strong>Achhh te ryby ;(<\/strong><br \/>Ze wzgl\u0119du na komfort wypoczynku go\u015bci w naszych domkach obowi\u0105zuj\u0119 ca\u0142kowity zakaz sma\u017cenia i<br \/>przetwarzania ryb.<\/p>\n<p><strong>Palenie<\/strong><br \/>Maj\u0105c na uwadze komfort wypoczynku wynajmuj\u0105cych obowi\u0105zuje ca\u0142kowity zakaz palenia<br \/>papieros\u00f3w oraz innych produkt\u00f3w tytoniowych w tym e-papieros\u00f3w wewn\u0105trz domku pod kar\u0105<br \/>grzywny.<\/p>\n<p><strong>Obiekt jest ogrodzony i monitorowany.<\/strong><\/p>\n<p>Obiekt nie ponosi odpowiedzialno\u015bci za doznane urazy, szkody, zniszczenie mienia oraz kradzie\u017c. <br \/>Go\u015b\u0107 ponosi odpowiedzialno\u015b\u0107 materialn\u0105 za wszelkiego rodzaju uszkodzenia lub zniszczenia przedmiot\u00f3w wyposa\u017cenia i urz\u0105dze\u0144 technicznych obiektu powsta\u0142e z jego winy lub jego go\u015bci.<\/p>\n<p>Go\u015b\u0107 powinien zawiadomi\u0107 w\u0142a\u015bciciela obiektu o wyst\u0105pieniu szkody niezw\u0142ocznie po jej stwierdzeniu.<\/p>\n<p>Dokonanie rezerwacji jest jednoznaczne z potwierdzeniem zapoznania si\u0119 z tre\u015bci\u0105 niniejszego regulaminu.<\/p>\n<p><\/p>\t\t\t\t\t\t\t\t<\/div>\n\t\t\t\t<\/div>\n\t\t\t\t\t<\/div>\n\t\t<\/div>\n\t\t\t\t\t<\/div>\n\t\t<\/section>\n\t\t\t\t<\/div>\n\t\t","protected":false},"excerpt":{"rendered":"<p>Regulamin RezerwacjeWarunkiem wi\u0105\u017c\u0105cym dokonanie rezerwacji jest wp\u0142ata zadatku w wysoko\u015bci 30 % ca\u0142o\u015bci pobytuw terminie 2 dni od rezerwacji.Pozosta\u0142a cz\u0119\u015b\u0107 ceny za pobyt regulowana jest got\u00f3wk\u0105 w dniu zameldowania si\u0119 naszych go\u015bci.Zameldowanie mo\u017cliwe jest jedynie z dokumentem to\u017csamo\u015bci osoby melduj\u0105cej si\u0119.W przypadku odwo\u0142ania rezerwacji zadatek nie podlega zwrotowi. W sytuacji skr\u00f3cenia wypoczynku zwrot kwoty za&#8230;<\/p>\n","protected":false},"author":1,"featured_media":0,"parent":0,"menu_order":0,"comment_status":"closed","ping_status":"open","template":"","meta":{"_kadence_starter_templates_imported_post":false,"_kad_post_transparent":"","_kad_post_title":"hide","_kad_post_layout":"fullwidth","_kad_post_sidebar_id":"","_kad_post_content_style":"unboxed","_kad_post_vertical_padding":"hide","_kad_post_feature":"hide","_kad_post_feature_position":"","_kad_post_header":false,"_kad_post_footer":false,"footnotes":""},"class_list":["post-2","page","type-page","status-publish","hentry"],"yoast_head":"<!-- This site is optimized with the Yoast SEO plugin v27.4 - https:\/\/yoast.com\/product\/yoast-seo-wordpress\/ -->\n<title>Regulamin - czajowka.<\/title>\n<meta name=\"robots\" content=\"index, follow, max-snippet:-1, max-image-preview:large, max-video-preview:-1\" \/>\n<link rel=\"canonical\" href=\"https:\/\/czajowka.pl\/index.php\/regulamin\/\" \/>\n<meta property=\"og:locale\" content=\"pl_PL\" \/>\n<meta property=\"og:type\" content=\"article\" \/>\n<meta property=\"og:title\" content=\"Regulamin - czajowka.\" \/>\n<meta property=\"og:description\" content=\"Regulamin RezerwacjeWarunkiem wi\u0105\u017c\u0105cym dokonanie rezerwacji jest wp\u0142ata zadatku w wysoko\u015bci 30 % ca\u0142o\u015bci pobytuw terminie 2 dni od rezerwacji.Pozosta\u0142a cz\u0119\u015b\u0107 ceny za pobyt regulowana jest got\u00f3wk\u0105 w dniu zameldowania si\u0119 naszych go\u015bci.Zameldowanie mo\u017cliwe jest jedynie z dokumentem to\u017csamo\u015bci osoby melduj\u0105cej si\u0119.W przypadku odwo\u0142ania rezerwacji zadatek nie podlega zwrotowi. W sytuacji skr\u00f3cenia wypoczynku zwrot kwoty za...\" \/>\n<meta property=\"og:url\" content=\"https:\/\/czajowka.pl\/index.php\/regulamin\/\" \/>\n<meta property=\"og:site_name\" content=\"czajowka.\" \/>\n<meta property=\"article:modified_time\" content=\"2023-05-04T20:01:30+00:00\" \/>\n<meta name=\"twitter:card\" content=\"summary_large_image\" \/>\n<meta name=\"twitter:label1\" content=\"Szacowany czas czytania\" \/>\n\t<meta name=\"twitter:data1\" content=\"2 minuty\" \/>\n<script type=\"application\/ld+json\" class=\"yoast-schema-graph\">{\"@context\":\"https:\\\/\\\/schema.org\",\"@graph\":[{\"@type\":\"WebPage\",\"@id\":\"https:\\\/\\\/czajowka.pl\\\/index.php\\\/regulamin\\\/\",\"url\":\"https:\\\/\\\/czajowka.pl\\\/index.php\\\/regulamin\\\/\",\"name\":\"Regulamin - czajowka.\",\"isPartOf\":{\"@id\":\"https:\\\/\\\/czajowka.pl\\\/#website\"},\"datePublished\":\"2023-04-26T19:13:59+00:00\",\"dateModified\":\"2023-05-04T20:01:30+00:00\",\"breadcrumb\":{\"@id\":\"https:\\\/\\\/czajowka.pl\\\/index.php\\\/regulamin\\\/#breadcrumb\"},\"inLanguage\":\"pl-PL\",\"potentialAction\":[{\"@type\":\"ReadAction\",\"target\":[\"https:\\\/\\\/czajowka.pl\\\/index.php\\\/regulamin\\\/\"]}]},{\"@type\":\"BreadcrumbList\",\"@id\":\"https:\\\/\\\/czajowka.pl\\\/index.php\\\/regulamin\\\/#breadcrumb\",\"itemListElement\":[{\"@type\":\"ListItem\",\"position\":1,\"name\":\"Strona g\u0142\u00f3wna\",\"item\":\"https:\\\/\\\/czajowka.pl\\\/\"},{\"@type\":\"ListItem\",\"position\":2,\"name\":\"Regulamin\"}]},{\"@type\":\"WebSite\",\"@id\":\"https:\\\/\\\/czajowka.pl\\\/#website\",\"url\":\"https:\\\/\\\/czajowka.pl\\\/\",\"name\":\"czajowka.\",\"description\":\"\",\"publisher\":{\"@id\":\"https:\\\/\\\/czajowka.pl\\\/#organization\"},\"potentialAction\":[{\"@type\":\"SearchAction\",\"target\":{\"@type\":\"EntryPoint\",\"urlTemplate\":\"https:\\\/\\\/czajowka.pl\\\/?s={search_term_string}\"},\"query-input\":{\"@type\":\"PropertyValueSpecification\",\"valueRequired\":true,\"valueName\":\"search_term_string\"}}],\"inLanguage\":\"pl-PL\"},{\"@type\":\"Organization\",\"@id\":\"https:\\\/\\\/czajowka.pl\\\/#organization\",\"name\":\"czajowka.\",\"url\":\"https:\\\/\\\/czajowka.pl\\\/\",\"logo\":{\"@type\":\"ImageObject\",\"inLanguage\":\"pl-PL\",\"@id\":\"https:\\\/\\\/czajowka.pl\\\/#\\\/schema\\\/logo\\\/image\\\/\",\"url\":\"https:\\\/\\\/czajowka.pl\\\/wp-content\\\/uploads\\\/2023\\\/05\\\/cropped-cz.jpeg\",\"contentUrl\":\"https:\\\/\\\/czajowka.pl\\\/wp-content\\\/uploads\\\/2023\\\/05\\\/cropped-cz.jpeg\",\"width\":566,\"height\":567,\"caption\":\"czajowka.\"},\"image\":{\"@id\":\"https:\\\/\\\/czajowka.pl\\\/#\\\/schema\\\/logo\\\/image\\\/\"}}]}<\/script>\n<!-- \/ Yoast SEO plugin. -->","yoast_head_json":{"title":"Regulamin - czajowka.","robots":{"index":"index","follow":"follow","max-snippet":"max-snippet:-1","max-image-preview":"max-image-preview:large","max-video-preview":"max-video-preview:-1"},"canonical":"https:\/\/czajowka.pl\/index.php\/regulamin\/","og_locale":"pl_PL","og_type":"article","og_title":"Regulamin - czajowka.","og_description":"Regulamin RezerwacjeWarunkiem wi\u0105\u017c\u0105cym dokonanie rezerwacji jest wp\u0142ata zadatku w wysoko\u015bci 30 % ca\u0142o\u015bci pobytuw terminie 2 dni od rezerwacji.Pozosta\u0142a cz\u0119\u015b\u0107 ceny za pobyt regulowana jest got\u00f3wk\u0105 w dniu zameldowania si\u0119 naszych go\u015bci.Zameldowanie mo\u017cliwe jest jedynie z dokumentem to\u017csamo\u015bci osoby melduj\u0105cej si\u0119.W przypadku odwo\u0142ania rezerwacji zadatek nie podlega zwrotowi. W sytuacji skr\u00f3cenia wypoczynku zwrot kwoty za...","og_url":"https:\/\/czajowka.pl\/index.php\/regulamin\/","og_site_name":"czajowka.","article_modified_time":"2023-05-04T20:01:30+00:00","twitter_card":"summary_large_image","twitter_misc":{"Szacowany czas czytania":"2 minuty"},"schema":{"@context":"https:\/\/schema.org","@graph":[{"@type":"WebPage","@id":"https:\/\/czajowka.pl\/index.php\/regulamin\/","url":"https:\/\/czajowka.pl\/index.php\/regulamin\/","name":"Regulamin - czajowka.","isPartOf":{"@id":"https:\/\/czajowka.pl\/#website"},"datePublished":"2023-04-26T19:13:59+00:00","dateModified":"2023-05-04T20:01:30+00:00","breadcrumb":{"@id":"https:\/\/czajowka.pl\/index.php\/regulamin\/#breadcrumb"},"inLanguage":"pl-PL","potentialAction":[{"@type":"ReadAction","target":["https:\/\/czajowka.pl\/index.php\/regulamin\/"]}]},{"@type":"BreadcrumbList","@id":"https:\/\/czajowka.pl\/index.php\/regulamin\/#breadcrumb","itemListElement":[{"@type":"ListItem","position":1,"name":"Strona g\u0142\u00f3wna","item":"https:\/\/czajowka.pl\/"},{"@type":"ListItem","position":2,"name":"Regulamin"}]},{"@type":"WebSite","@id":"https:\/\/czajowka.pl\/#website","url":"https:\/\/czajowka.pl\/","name":"czajowka.","description":"","publisher":{"@id":"https:\/\/czajowka.pl\/#organization"},"potentialAction":[{"@type":"SearchAction","target":{"@type":"EntryPoint","urlTemplate":"https:\/\/czajowka.pl\/?s={search_term_string}"},"query-input":{"@type":"PropertyValueSpecification","valueRequired":true,"valueName":"search_term_string"}}],"inLanguage":"pl-PL"},{"@type":"Organization","@id":"https:\/\/czajowka.pl\/#organization","name":"czajowka.","url":"https:\/\/czajowka.pl\/","logo":{"@type":"ImageObject","inLanguage":"pl-PL","@id":"https:\/\/czajowka.pl\/#\/schema\/logo\/image\/","url":"https:\/\/czajowka.pl\/wp-content\/uploads\/2023\/05\/cropped-cz.jpeg","contentUrl":"https:\/\/czajowka.pl\/wp-content\/uploads\/2023\/05\/cropped-cz.jpeg","width":566,"height":567,"caption":"czajowka."},"image":{"@id":"https:\/\/czajowka.pl\/#\/schema\/logo\/image\/"}}]}},"_links":{"self":[{"href":"https:\/\/czajowka.pl\/index.php\/wp-json\/wp\/v2\/pages\/2","targetHints":{"allow":["GET"]}}],"collection":[{"href":"https:\/\/czajowka.pl\/index.php\/wp-json\/wp\/v2\/pages"}],"about":[{"href":"https:\/\/czajowka.pl\/index.php\/wp-json\/wp\/v2\/types\/page"}],"author":[{"embeddable":true,"href":"https:\/\/czajowka.pl\/index.php\/wp-json\/wp\/v2\/users\/1"}],"replies":[{"embeddable":true,"href":"https:\/\/czajowka.pl\/index.php\/wp-json\/wp\/v2\/comments?post=2"}],"version-history":[{"count":17,"href":"https:\/\/czajowka.pl\/index.php\/wp-json\/wp\/v2\/pages\/2\/revisions"}],"predecessor-version":[{"id":2927,"href":"https:\/\/czajowka.pl\/index.php\/wp-json\/wp\/v2\/pages\/2\/revisions\/2927"}],"wp:attachment":[{"href":"https:\/\/czajowka.pl\/index.php\/wp-json\/wp\/v2\/media?parent=2"}],"curies":[{"name":"wp","href":"https:\/\/api.w.org\/{rel}","templated":true}]}}